{"id":2519,"date":"2022-02-24T09:42:21","date_gmt":"2022-02-24T08:42:21","guid":{"rendered":"https:\/\/cogliatifeltri.com\/verpackungen\/"},"modified":"2022-10-19T17:43:24","modified_gmt":"2022-10-19T15:43:24","slug":"verpackungen","status":"publish","type":"page","link":"https:\/\/cogliatifeltri.com\/de\/verpackungen\/","title":{"rendered":"Verpackungen"},"content":{"rendered":"<p>[et_pb_section fb_built=&#8220;1&#8243; admin_label=&#8220;section&#8220; module_id=&#8220;top-pages&#8220; module_class=&#8220;packaging&#8220; _builder_version=&#8220;4.13.0&#8243; background_enable_image=&#8220;off&#8220; global_colors_info=&#8220;{}&#8220;][et_pb_row admin_label=&#8220;row&#8220; _builder_version=&#8220;4.13.0&#8243; background_size=&#8220;initial&#8220; background_position=&#8220;top_left&#8220; background_repeat=&#8220;repeat&#8220; global_colors_info=&#8220;{}&#8220;][et_pb_column type=&#8220;4_4&#8243; _builder_version=&#8220;3.25&#8243; custom_padding=&#8220;|||&#8220; global_colors_info=&#8220;{}&#8220; custom_padding__hover=&#8220;|||&#8220;][et_pb_text _builder_version=&#8220;4.13.0&#8243; _module_preset=&#8220;default&#8220; global_colors_info=&#8220;{}&#8220;]<\/p>\n<h2>Verpackungen<\/h2>\n<p>[\/et_pb_text][\/et_pb_column][\/et_pb_row][\/et_pb_section][et_pb_section fb_built=&#8220;1&#8243; module_class=&#8220;section-services&#8220; _builder_version=&#8220;4.13.0&#8243; _module_preset=&#8220;default&#8220; custom_padding=&#8220;||0px||false|false&#8220; global_colors_info=&#8220;{}&#8220;][et_pb_row _builder_version=&#8220;4.13.0&#8243; _module_preset=&#8220;default&#8220; custom_padding=&#8220;0px||0px||true|false&#8220; global_colors_info=&#8220;{}&#8220;][et_pb_column type=&#8220;4_4&#8243; _builder_version=&#8220;4.13.0&#8243; _module_preset=&#8220;default&#8220; global_colors_info=&#8220;{}&#8220;][et_pb_text _builder_version=&#8220;4.13.0&#8243; _module_preset=&#8220;default&#8220; global_colors_info=&#8220;{}&#8220;]Unsere Pakete werden mit einer Produkt beschreibung, St\u00fcckzahl und Barcode geliefert. Auf Anfrage k\u00f6nnen wir Messungen vornehmen und Grafiken verpacken.[\/et_pb_text][\/et_pb_column][\/et_pb_row][\/et_pb_section][et_pb_section fb_built=&#8220;1&#8243; module_class=&#8220;full-width&#8220; _builder_version=&#8220;4.13.0&#8243; _module_preset=&#8220;default&#8220; custom_padding=&#8220;|50px||50px|false|true&#8220; global_colors_info=&#8220;{}&#8220;][et_pb_row column_structure=&#8220;1_6,1_6,1_6,1_6,1_6,1_6&#8243; use_custom_gutter=&#8220;on&#8220; gutter_width=&#8220;1&#8243; make_equal=&#8220;on&#8220; disabled_on=&#8220;off|off|off&#8220; _builder_version=&#8220;4.13.0&#8243; _module_preset=&#8220;default&#8220; width=&#8220;100%&#8220; custom_padding=&#8220;||0px||false|false&#8220; global_colors_info=&#8220;{}&#8220;][et_pb_column type=&#8220;1_6&#8243; _builder_version=&#8220;4.13.0&#8243; _module_preset=&#8220;default&#8220; global_colors_info=&#8220;{}&#8220;][et_pb_blurb title=&#8220;Synthetische Filzgleiter&#8220; image=&#8220;https:\/\/cogliatifeltri.com\/wp-content\/uploads\/2022\/02\/1-2.png&#8220; module_class=&#8220;ycatalogo azzurro&#8220; _builder_version=&#8220;4.13.0&#8243; _module_preset=&#8220;default&#8220; global_colors_info=&#8220;{}&#8220;]<\/p>\n<p>Synthetische Filzgleiter Dick 3<br \/>Farben: Wei\u00df, Braun, Grau, Schwarz<br \/>1,2,3, Bl\u00e4tter<\/p>\n<p>[\/et_pb_blurb][\/et_pb_column][et_pb_column type=&#8220;1_6&#8243; _builder_version=&#8220;4.13.0&#8243; _module_preset=&#8220;default&#8220; global_colors_info=&#8220;{}&#8220;][et_pb_blurb title=&#8220;Maxi Synthetische Filzgleiter&#8220; image=&#8220;https:\/\/cogliatifeltri.com\/wp-content\/uploads\/2022\/02\/2-feltrini.png&#8220; module_class=&#8220;ycatalogo azzurro&#8220; _builder_version=&#8220;4.13.0&#8243; _module_preset=&#8220;default&#8220; global_colors_info=&#8220;{}&#8220;]<\/p>\n<p>Synthetische Filzgleiter Dick 3<br \/>Farben: Wei\u00df, Braun, Grau, Schwarz<br \/>1,2,3, Bl\u00e4tter<\/p>\n<p>[\/et_pb_blurb][\/et_pb_column][et_pb_column type=&#8220;1_6&#8243; _builder_version=&#8220;4.13.0&#8243; _module_preset=&#8220;default&#8220; global_colors_info=&#8220;{}&#8220;][et_pb_blurb title=&#8220;Wollfilz Dick 3 mm.&#8220; image=&#8220;https:\/\/cogliatifeltri.com\/wp-content\/uploads\/2022\/02\/3-feltrini.png&#8220; admin_label=&#8220;Feltrini lana spess. 3&#8243; module_class=&#8220;ycatalogo azzurro&#8220; _builder_version=&#8220;4.14.8&#8243; _module_preset=&#8220;default&#8220; global_colors_info=&#8220;{}&#8220;]<\/p>\n<p>Wollfilz Dick 3<br \/>Farben: Wei\u00df, Braun, Schwarz<br \/>1,2,3, Bl\u00e4tter<\/p>\n<p>[\/et_pb_blurb][\/et_pb_column][et_pb_column type=&#8220;1_6&#8243; _builder_version=&#8220;4.13.0&#8243; _module_preset=&#8220;default&#8220; global_colors_info=&#8220;{}&#8220;][et_pb_blurb title=&#8220;Filzgleiter grau extra dick 5 mm.&#8220; image=&#8220;https:\/\/cogliatifeltri.com\/wp-content\/uploads\/2022\/02\/4-feltrini.png&#8220; module_class=&#8220;ycatalogo azzurro&#8220; _builder_version=&#8220;4.14.8&#8243; _module_preset=&#8220;default&#8220; global_colors_info=&#8220;{}&#8220;]<\/p>\n<p>Verschiedene Gr\u00f6\u00dfen<br \/>1,2 Bl\u00e4tter<\/p>\n<p>[\/et_pb_blurb][\/et_pb_column][et_pb_column type=&#8220;1_6&#8243; _builder_version=&#8220;4.13.0&#8243; _module_preset=&#8220;default&#8220; global_colors_info=&#8220;{}&#8220;][et_pb_blurb title=&#8220;Transparent ANSCHLAGD\u00c4MPFER in Packungen&#8220; image=&#8220;https:\/\/cogliatifeltri.com\/wp-content\/uploads\/2022\/02\/5-paracolpi.png&#8220; admin_label=&#8220;Conf. Paracolpi trasparenti&#8220; module_class=&#8220;ycatalogo azzurro&#8220; _builder_version=&#8220;4.14.8&#8243; _module_preset=&#8220;default&#8220; global_colors_info=&#8220;{}&#8220;]<\/p>\n<p>Transparent Anschlagd\u00e4mpfer\u00a0in evac<br \/>Transparent Anschlagd\u00e4mpfer in Polyurethane<\/p>\n<p>[\/et_pb_blurb][\/et_pb_column][et_pb_column type=&#8220;1_6&#8243; _builder_version=&#8220;4.13.0&#8243; _module_preset=&#8220;default&#8220; global_colors_info=&#8220;{}&#8220;][et_pb_blurb title=&#8220;Lochabdeckungen in packungen&#8220; image=&#8220;https:\/\/cogliatifeltri.com\/wp-content\/uploads\/2022\/02\/6-copriforo.png&#8220; admin_label=&#8220;Confezioni Copriforo&#8220; module_class=&#8220;ycatalogo azzurro&#8220; _builder_version=&#8220;4.14.8&#8243; _module_preset=&#8220;default&#8220; global_colors_info=&#8220;{}&#8220;]<\/p>\n<p>Verschiedene Farben<\/p>\n<p>[\/et_pb_blurb][\/et_pb_column][\/et_pb_row][et_pb_row column_structure=&#8220;1_6,1_6,1_6,1_6,1_6,1_6&#8243; use_custom_gutter=&#8220;on&#8220; gutter_width=&#8220;1&#8243; make_equal=&#8220;on&#8220; disabled_on=&#8220;off|off|off&#8220; _builder_version=&#8220;4.13.0&#8243; _module_preset=&#8220;default&#8220; width=&#8220;100%&#8220; custom_padding=&#8220;||0px||false|false&#8220; global_colors_info=&#8220;{}&#8220;][et_pb_column type=&#8220;1_6&#8243; _builder_version=&#8220;4.13.0&#8243; _module_preset=&#8220;default&#8220; global_colors_info=&#8220;{}&#8220;][et_pb_blurb title=&#8220;EPDM IN PACKUNGEN&#8220; image=&#8220;https:\/\/cogliatifeltri.com\/wp-content\/uploads\/2022\/02\/7-feltrini.png&#8220; module_class=&#8220;ycatalogo azzurro&#8220; _builder_version=&#8220;4.14.8&#8243; _module_preset=&#8220;default&#8220; hover_enabled=&#8220;0&#8243; global_colors_info=&#8220;{}&#8220; sticky_enabled=&#8220;0&#8243;]<\/p>\n<p>Rutschfeste EPDM<br \/>Farben: Wei\u00df und Schwarz<br \/>Dick 3 mm.<\/p>\n<p>[\/et_pb_blurb][\/et_pb_column][et_pb_column type=&#8220;1_6&#8243; _builder_version=&#8220;4.13.0&#8243; _module_preset=&#8220;default&#8220; global_colors_info=&#8220;{}&#8220;][et_pb_blurb title=&#8220;EVAC IN PACKUNGEN&#8220; image=&#8220;https:\/\/cogliatifeltri.com\/wp-content\/uploads\/2022\/02\/8-feltrini.png&#8220; admin_label=&#8220;Confezioni Eva&#8220; module_class=&#8220;ycatalogo azzurro&#8220; _builder_version=&#8220;4.14.8&#8243; _module_preset=&#8220;default&#8220; global_colors_info=&#8220;{}&#8220;]<\/p>\n<p>Farben: Wei\u00df und Schwarz<br \/>Dick: 3mm<\/p>\n<p>[\/et_pb_blurb][\/et_pb_column][et_pb_column type=&#8220;1_6&#8243; _builder_version=&#8220;4.13.0&#8243; _module_preset=&#8220;default&#8220; global_colors_info=&#8220;{}&#8220;][et_pb_blurb title=&#8220;FILZGLEITER MIT TEFLON IN PACKUNGEN&#8220; image=&#8220;https:\/\/cogliatifeltri.com\/wp-content\/uploads\/2022\/02\/9-feltrini.png&#8220; module_class=&#8220;ycatalogo azzurro&#8220; _builder_version=&#8220;4.14.8&#8243; _module_preset=&#8220;default&#8220; global_colors_info=&#8220;{}&#8220;]<\/p>\n<p>Filzgleiter mit Teflon \u2013 Gleitschicht<br \/>Verschiedene Gr\u00f6\u00dfen<\/p>\n<p>[\/et_pb_blurb][\/et_pb_column][et_pb_column type=&#8220;1_6&#8243; _builder_version=&#8220;4.13.0&#8243; _module_preset=&#8220;default&#8220; global_colors_info=&#8220;{}&#8220;][\/et_pb_column][et_pb_column type=&#8220;1_6&#8243; _builder_version=&#8220;4.13.0&#8243; _module_preset=&#8220;default&#8220; global_colors_info=&#8220;{}&#8220;][\/et_pb_column][et_pb_column type=&#8220;1_6&#8243; _builder_version=&#8220;4.13.0&#8243; _module_preset=&#8220;default&#8220; global_colors_info=&#8220;{}&#8220;][\/et_pb_column][\/et_pb_row][\/et_pb_section]<\/p>\n","protected":false},"excerpt":{"rendered":"<p>VerpackungenUnsere Pakete werden mit einer Produkt beschreibung, St\u00fcckzahl und Barcode geliefert. Auf Anfrage k\u00f6nnen wir Messungen vornehmen und Grafiken verpacken.Synthetische Filzgleiter Dick 3Farben: Wei\u00df, Braun, Grau, Schwarz1,2,3, Bl\u00e4tterSynthetische Filzgleiter Dick 3Farben: Wei\u00df, Braun, Grau, Schwarz1,2,3, Bl\u00e4tterWollfilz Dick 3Farben: Wei\u00df, Braun, Schwarz1,2,3, Bl\u00e4tterVerschiedene Gr\u00f6\u00dfen1,2 Bl\u00e4tterTransparent Anschlagd\u00e4mpfer\u00a0in evacTransparent Anschlagd\u00e4mpfer in PolyurethaneVerschiedene FarbenRutschfeste EPDMFarben: Wei\u00df und SchwarzDick 3 [&hellip;]<\/p>\n","protected":false},"author":1,"featured_media":0,"parent":0,"menu_order":0,"comment_status":"closed","ping_status":"closed","template":"","meta":{"_et_pb_use_builder":"on","_et_pb_old_content":"","_et_gb_content_width":"","footnotes":""},"class_list":["post-2519","page","type-page","status-publish","hentry"],"yoast_head":"<!-- This site is optimized with the Yoast SEO plugin v24.8.1 - https:\/\/yoast.com\/wordpress\/plugins\/seo\/ -->\n<title>Verpackungen - Cogliati Feltri<\/title>\n<meta name=\"robots\" content=\"index, follow, max-snippet:-1, max-image-preview:large, max-video-preview:-1\" \/>\n<link rel=\"canonical\" href=\"https:\/\/cogliatifeltri.com\/de\/verpackungen\/\" \/>\n<meta property=\"og:locale\" content=\"de_DE\" \/>\n<meta property=\"og:type\" content=\"article\" \/>\n<meta property=\"og:title\" content=\"Verpackungen - Cogliati Feltri\" \/>\n<meta property=\"og:description\" content=\"VerpackungenUnsere Pakete werden mit einer Produkt beschreibung, St\u00fcckzahl und Barcode geliefert. Auf Anfrage k\u00f6nnen wir Messungen vornehmen und Grafiken verpacken.Synthetische Filzgleiter Dick 3Farben: Wei\u00df, Braun, Grau, Schwarz1,2,3, Bl\u00e4tterSynthetische Filzgleiter Dick 3Farben: Wei\u00df, Braun, Grau, Schwarz1,2,3, Bl\u00e4tterWollfilz Dick 3Farben: Wei\u00df, Braun, Schwarz1,2,3, Bl\u00e4tterVerschiedene Gr\u00f6\u00dfen1,2 Bl\u00e4tterTransparent Anschlagd\u00e4mpfer\u00a0in evacTransparent Anschlagd\u00e4mpfer in PolyurethaneVerschiedene FarbenRutschfeste EPDMFarben: Wei\u00df und SchwarzDick 3 [&hellip;]\" \/>\n<meta property=\"og:url\" content=\"https:\/\/cogliatifeltri.com\/de\/verpackungen\/\" \/>\n<meta property=\"og:site_name\" content=\"Cogliati Feltri\" \/>\n<meta property=\"article:modified_time\" content=\"2022-10-19T15:43:24+00:00\" \/>\n<meta name=\"twitter:card\" content=\"summary_large_image\" \/>\n<meta name=\"twitter:label1\" content=\"Gesch\u00e4tzte Lesezeit\" \/>\n\t<meta name=\"twitter:data1\" content=\"4\u00a0Minuten\" \/>\n<script type=\"application\/ld+json\" class=\"yoast-schema-graph\">{\"@context\":\"https:\/\/schema.org\",\"@graph\":[{\"@type\":\"WebPage\",\"@id\":\"https:\/\/cogliatifeltri.com\/de\/verpackungen\/\",\"url\":\"https:\/\/cogliatifeltri.com\/de\/verpackungen\/\",\"name\":\"Verpackungen - Cogliati Feltri\",\"isPartOf\":{\"@id\":\"https:\/\/cogliatifeltri.com\/#website\"},\"datePublished\":\"2022-02-24T08:42:21+00:00\",\"dateModified\":\"2022-10-19T15:43:24+00:00\",\"breadcrumb\":{\"@id\":\"https:\/\/cogliatifeltri.com\/de\/verpackungen\/#breadcrumb\"},\"inLanguage\":\"de\",\"potentialAction\":[{\"@type\":\"ReadAction\",\"target\":[\"https:\/\/cogliatifeltri.com\/de\/verpackungen\/\"]}]},{\"@type\":\"BreadcrumbList\",\"@id\":\"https:\/\/cogliatifeltri.com\/de\/verpackungen\/#breadcrumb\",\"itemListElement\":[{\"@type\":\"ListItem\",\"position\":1,\"name\":\"Home\",\"item\":\"https:\/\/cogliatifeltri.com\/de\/\"},{\"@type\":\"ListItem\",\"position\":2,\"name\":\"Verpackungen\"}]},{\"@type\":\"WebSite\",\"@id\":\"https:\/\/cogliatifeltri.com\/#website\",\"url\":\"https:\/\/cogliatifeltri.com\/\",\"name\":\"Cogliati Feltri\",\"description\":\"Lavorazione Feltro e Prodotti Similari\",\"potentialAction\":[{\"@type\":\"SearchAction\",\"target\":{\"@type\":\"EntryPoint\",\"urlTemplate\":\"https:\/\/cogliatifeltri.com\/?s={search_term_string}\"},\"query-input\":{\"@type\":\"PropertyValueSpecification\",\"valueRequired\":true,\"valueName\":\"search_term_string\"}}],\"inLanguage\":\"de\"}]}<\/script>\n<!-- \/ Yoast SEO plugin. -->","yoast_head_json":{"title":"Verpackungen - Cogliati Feltri","robots":{"index":"index","follow":"follow","max-snippet":"max-snippet:-1","max-image-preview":"max-image-preview:large","max-video-preview":"max-video-preview:-1"},"canonical":"https:\/\/cogliatifeltri.com\/de\/verpackungen\/","og_locale":"de_DE","og_type":"article","og_title":"Verpackungen - Cogliati Feltri","og_description":"VerpackungenUnsere Pakete werden mit einer Produkt beschreibung, St\u00fcckzahl und Barcode geliefert. Auf Anfrage k\u00f6nnen wir Messungen vornehmen und Grafiken verpacken.Synthetische Filzgleiter Dick 3Farben: Wei\u00df, Braun, Grau, Schwarz1,2,3, Bl\u00e4tterSynthetische Filzgleiter Dick 3Farben: Wei\u00df, Braun, Grau, Schwarz1,2,3, Bl\u00e4tterWollfilz Dick 3Farben: Wei\u00df, Braun, Schwarz1,2,3, Bl\u00e4tterVerschiedene Gr\u00f6\u00dfen1,2 Bl\u00e4tterTransparent Anschlagd\u00e4mpfer\u00a0in evacTransparent Anschlagd\u00e4mpfer in PolyurethaneVerschiedene FarbenRutschfeste EPDMFarben: Wei\u00df und SchwarzDick 3 [&hellip;]","og_url":"https:\/\/cogliatifeltri.com\/de\/verpackungen\/","og_site_name":"Cogliati Feltri","article_modified_time":"2022-10-19T15:43:24+00:00","twitter_card":"summary_large_image","twitter_misc":{"Gesch\u00e4tzte Lesezeit":"4\u00a0Minuten"},"schema":{"@context":"https:\/\/schema.org","@graph":[{"@type":"WebPage","@id":"https:\/\/cogliatifeltri.com\/de\/verpackungen\/","url":"https:\/\/cogliatifeltri.com\/de\/verpackungen\/","name":"Verpackungen - Cogliati Feltri","isPartOf":{"@id":"https:\/\/cogliatifeltri.com\/#website"},"datePublished":"2022-02-24T08:42:21+00:00","dateModified":"2022-10-19T15:43:24+00:00","breadcrumb":{"@id":"https:\/\/cogliatifeltri.com\/de\/verpackungen\/#breadcrumb"},"inLanguage":"de","potentialAction":[{"@type":"ReadAction","target":["https:\/\/cogliatifeltri.com\/de\/verpackungen\/"]}]},{"@type":"BreadcrumbList","@id":"https:\/\/cogliatifeltri.com\/de\/verpackungen\/#breadcrumb","itemListElement":[{"@type":"ListItem","position":1,"name":"Home","item":"https:\/\/cogliatifeltri.com\/de\/"},{"@type":"ListItem","position":2,"name":"Verpackungen"}]},{"@type":"WebSite","@id":"https:\/\/cogliatifeltri.com\/#website","url":"https:\/\/cogliatifeltri.com\/","name":"Cogliati Feltri","description":"Lavorazione Feltro e Prodotti Similari","potentialAction":[{"@type":"SearchAction","target":{"@type":"EntryPoint","urlTemplate":"https:\/\/cogliatifeltri.com\/?s={search_term_string}"},"query-input":{"@type":"PropertyValueSpecification","valueRequired":true,"valueName":"search_term_string"}}],"inLanguage":"de"}]}},"_links":{"self":[{"href":"https:\/\/cogliatifeltri.com\/de\/wp-json\/wp\/v2\/pages\/2519","targetHints":{"allow":["GET"]}}],"collection":[{"href":"https:\/\/cogliatifeltri.com\/de\/wp-json\/wp\/v2\/pages"}],"about":[{"href":"https:\/\/cogliatifeltri.com\/de\/wp-json\/wp\/v2\/types\/page"}],"author":[{"embeddable":true,"href":"https:\/\/cogliatifeltri.com\/de\/wp-json\/wp\/v2\/users\/1"}],"replies":[{"embeddable":true,"href":"https:\/\/cogliatifeltri.com\/de\/wp-json\/wp\/v2\/comments?post=2519"}],"version-history":[{"count":70,"href":"https:\/\/cogliatifeltri.com\/de\/wp-json\/wp\/v2\/pages\/2519\/revisions"}],"predecessor-version":[{"id":3474,"href":"https:\/\/cogliatifeltri.com\/de\/wp-json\/wp\/v2\/pages\/2519\/revisions\/3474"}],"wp:attachment":[{"href":"https:\/\/cogliatifeltri.com\/de\/wp-json\/wp\/v2\/media?parent=2519"}],"curies":[{"name":"wp","href":"https:\/\/api.w.org\/{rel}","templated":true}]}}