{"id":2564,"date":"2022-02-24T09:26:42","date_gmt":"2022-02-24T08:26:42","guid":{"rendered":"https:\/\/cogliatifeltri.com\/juntas-industriales\/"},"modified":"2022-07-07T16:50:44","modified_gmt":"2022-07-07T14:50:44","slug":"juntas-industriales","status":"publish","type":"page","link":"https:\/\/cogliatifeltri.com\/es\/juntas-industriales\/","title":{"rendered":"JUNTAS INDUSTRIALES"},"content":{"rendered":"<p>[et_pb_section fb_built=\u00bb1&#8243; admin_label=\u00bbsection\u00bb module_id=\u00bbtop-pages\u00bb module_class=\u00bbguarnizioni\u00bb _builder_version=\u00bb4.13.0&#8243; background_enable_image=\u00bboff\u00bb global_colors_info=\u00bb{}\u00bb][et_pb_row admin_label=\u00bbrow\u00bb _builder_version=\u00bb4.13.0&#8243; background_size=\u00bbinitial\u00bb background_position=\u00bbtop_left\u00bb background_repeat=\u00bbrepeat\u00bb global_colors_info=\u00bb{}\u00bb][et_pb_column type=\u00bb4_4&#8243; _builder_version=\u00bb3.25&#8243; custom_padding=\u00bb|||\u00bb global_colors_info=\u00bb{}\u00bb custom_padding__hover=\u00bb|||\u00bb][et_pb_text _builder_version=\u00bb4.13.0&#8243; _module_preset=\u00bbdefault\u00bb hover_enabled=\u00bb0&#8243; global_colors_info=\u00bb{}\u00bb sticky_enabled=\u00bb0&#8243;]<\/p>\n<h2>JUNTAS INDUSTRIALES<\/h2>\n<p>[\/et_pb_text][\/et_pb_column][\/et_pb_row][\/et_pb_section][et_pb_section fb_built=\u00bb1&#8243; module_class=\u00bbsection-services\u00bb _builder_version=\u00bb4.13.0&#8243; _module_preset=\u00bbdefault\u00bb global_colors_info=\u00bb{}\u00bb][et_pb_row _builder_version=\u00bb4.13.0&#8243; _module_preset=\u00bbdefault\u00bb custom_padding=\u00bb0px||0px||true|false\u00bb global_colors_info=\u00bb{}\u00bb][et_pb_column type=\u00bb4_4&#8243; _builder_version=\u00bb4.13.0&#8243; _module_preset=\u00bbdefault\u00bb global_colors_info=\u00bb{}\u00bb][et_pb_text _builder_version=\u00bb4.13.0&#8243; _module_preset=\u00bbdefault\u00bb global_colors_info=\u00bb{}\u00bb]<\/p>\n<p>Gracias a la experiencia consolidada durante d\u00e9cadas en el sector del procesamiento de fieltro, Cogliati ha desarrollado su producci\u00f3n dedicando un departamento a las <strong>juntas industriales de fieltro<\/strong> sint\u00e9tico y de lana, cristal, fieltro recubierto de tefl\u00f3n de varios grosores y <strong>juntas de goma<\/strong>.<\/p>\n<p>Gracias al saber hacer y a la contaste inversi\u00f3n en investigaci\u00f3n, en la actualidad la empresa se ha consolidado en este sector y es capaz de ofrecer componentes espec\u00edficos y de alto contenido tecnol\u00f3gico para aplicaciones industriales.<\/p>\n<p>Cogliati fabrica piezas destinadas a diferentes sectores, como la <strong>automoci\u00f3n<\/strong>, el <strong>mobiliario<\/strong> y el <strong>mec\u00e1nico<\/strong>. La maquinaria avanzada y la mano de obra cualificada son los puntos fuertes para lograr componentes funcionales y de precisi\u00f3n.<\/p>\n<p>Los productos incluyen juntas de goma compacta, PVC, polietileno, fieltro sint\u00e9tico y fieltro de lana que pueden utilizarse para lubricar con aceite las piezas mec\u00e1nicas.<\/p>\n<p>[\/et_pb_text][\/et_pb_column][\/et_pb_row][\/et_pb_section][et_pb_section fb_built=\u00bb1&#8243; admin_label=\u00bbSoluzioni perfette per proteggere le superfici\u00bb module_class=\u00bbgrey-section\u00bb _builder_version=\u00bb4.13.0&#8243; _module_preset=\u00bbdefault\u00bb global_colors_info=\u00bb{}\u00bb][et_pb_row column_structure=\u00bb1_2,1_2&#8243; _builder_version=\u00bb4.13.0&#8243; _module_preset=\u00bbdefault\u00bb custom_padding=\u00bb0px||0px||true|false\u00bb global_colors_info=\u00bb{}\u00bb][et_pb_column type=\u00bb1_2&#8243; _builder_version=\u00bb4.13.0&#8243; _module_preset=\u00bbdefault\u00bb global_colors_info=\u00bb{}\u00bb][et_pb_image src=\u00bbhttps:\/\/cogliatifeltri.com\/wp-content\/uploads\/2021\/11\/guarnizioni-cogliati-feltri.jpeg\u00bb title_text=\u00bbguarnizioni-cogliati-feltri\u00bb _builder_version=\u00bb4.13.0&#8243; _module_preset=\u00bbdefault\u00bb animation_style=\u00bbslide\u00bb animation_direction=\u00bbleft\u00bb animation_delay=\u00bb250ms\u00bb animation_intensity_slide=\u00bb20%\u00bb global_colors_info=\u00bb{}\u00bb][\/et_pb_image][\/et_pb_column][et_pb_column type=\u00bb1_2&#8243; _builder_version=\u00bb4.13.0&#8243; _module_preset=\u00bbdefault\u00bb global_colors_info=\u00bb{}\u00bb][et_pb_text module_class=\u00bbmain-titles\u00bb _builder_version=\u00bb4.13.0&#8243; _module_preset=\u00bbdefault\u00bb global_colors_info=\u00bb{}\u00bb]<\/p>\n<h3>Produccin sobre un diseo<\/h3>\n<p>[\/et_pb_text][et_pb_divider color=\u00bb#bf0101&#8243; divider_weight=\u00bb2px\u00bb _builder_version=\u00bb4.13.0&#8243; _module_preset=\u00bbdefault\u00bb background_enable_color=\u00bboff\u00bb width=\u00bb50px\u00bb module_alignment=\u00bbleft\u00bb height=\u00bb2px\u00bb custom_margin=\u00bb30px||30px||true|false\u00bb hover_enabled=\u00bb0&#8243; global_colors_info=\u00bb{}\u00bb sticky_enabled=\u00bb0&#8243;][\/et_pb_divider][et_pb_text _builder_version=\u00bb4.13.0&#8243; _module_preset=\u00bbdefault\u00bb global_colors_info=\u00bb{}\u00bb]<\/p>\n<p>La excelencia de Cogliati tambin se traduce en la fabricacin de <strong>componentes personalizados<\/strong>, diseados con un software avanzado para luego ser producidos fielmente y con materiales de primera calidad, elegidos de acuerdo con las prestaciones requeridas.<\/p>\n<p>La resistencia a las altas temperaturas y al desgaste, la durabilidad y el ajuste perfecto son propiedades que siempre garantizamos. Ponte en contacto con la empresa para obtener soluciones especficas para su sector.<\/p>\n<p>[\/et_pb_text][\/et_pb_column][\/et_pb_row][\/et_pb_section][et_pb_section fb_built=\u00bb1&#8243; module_class=\u00bbfull-width\u00bb _builder_version=\u00bb4.13.0&#8243; _module_preset=\u00bbdefault\u00bb custom_padding=\u00bb|50px||50px|false|true\u00bb global_colors_info=\u00bb{}\u00bb][et_pb_row column_structure=\u00bb1_6,1_6,1_6,1_6,1_6,1_6&#8243; use_custom_gutter=\u00bbon\u00bb gutter_width=\u00bb1&#8243; make_equal=\u00bbon\u00bb disabled_on=\u00bbon|on|on\u00bb _builder_version=\u00bb4.13.0&#8243; _module_preset=\u00bbdefault\u00bb width=\u00bb100%\u00bb custom_padding=\u00bb||0px||false|false\u00bb disabled=\u00bbon\u00bb global_colors_info=\u00bb{}\u00bb][et_pb_column type=\u00bb1_6&#8243; _builder_version=\u00bb4.13.0&#8243; _module_preset=\u00bbdefault\u00bb global_colors_info=\u00bb{}\u00bb][et_pb_blurb title=\u00bbTNT \u00bb image=\u00bbhttps:\/\/cogliatifeltri.com\/wp-content\/uploads\/2021\/12\/catalogo-adesivi-feltri.png\u00bb module_class=\u00bbycatalogo green\u00bb _builder_version=\u00bb4.13.0&#8243; _module_preset=\u00bbdefault\u00bb global_colors_info=\u00bb{}\u00bb]<\/p>\n<p>Gris<\/p>\n<p>espesor: 0,5 mm<br \/>espesor: 2mm<br \/>espesor: 3mm<\/p>\n<p>[\/et_pb_blurb][\/et_pb_column][et_pb_column type=\u00bb1_6&#8243; _builder_version=\u00bb4.13.0&#8243; _module_preset=\u00bbdefault\u00bb global_colors_info=\u00bb{}\u00bb][et_pb_blurb title=\u00bbFIELTRO SINT\u00c9TICO\u00bb image=\u00bbhttps:\/\/cogliatifeltri.com\/wp-content\/uploads\/2021\/12\/catalogo-adesivi-feltri2.png\u00bb module_class=\u00bbycatalogo green\u00bb _builder_version=\u00bb4.13.0&#8243; _module_preset=\u00bbdefault\u00bb global_colors_info=\u00bb{}\u00bb]<\/p>\n<p>Gris<\/p>\n<p>espesor: 10 mm<\/p>\n<p>[\/et_pb_blurb][\/et_pb_column][et_pb_column type=\u00bb1_6&#8243; _builder_version=\u00bb4.13.0&#8243; _module_preset=\u00bbdefault\u00bb global_colors_info=\u00bb{}\u00bb][et_pb_blurb title=\u00bbFlock\u00bb image=\u00bbhttps:\/\/cogliatifeltri.com\/wp-content\/uploads\/2021\/12\/catalogo-adesivi-feltri3.png\u00bb admin_label=\u00bb3&#8243; module_class=\u00bbycatalogo green\u00bb _builder_version=\u00bb4.13.0&#8243; _module_preset=\u00bbdefault\u00bb global_colors_info=\u00bb{}\u00bb]<\/p>\n<p>Varios colores <\/p>\n<p>espesor: 0,35 mm<\/p>\n<p>[\/et_pb_blurb][\/et_pb_column][et_pb_column type=\u00bb1_6&#8243; _builder_version=\u00bb4.13.0&#8243; _module_preset=\u00bbdefault\u00bb global_colors_info=\u00bb{}\u00bb][et_pb_blurb title=\u00bbFIELTRO SINT\u00c9TICO HD\u00bb image=\u00bbhttps:\/\/cogliatifeltri.com\/wp-content\/uploads\/2021\/12\/catalogo-adesivi-feltri4.png\u00bb module_class=\u00bbycatalogo green\u00bb _builder_version=\u00bb4.13.0&#8243; _module_preset=\u00bbdefault\u00bb global_colors_info=\u00bb{}\u00bb]<\/p>\n<p>Blanco, marr\u00f3n<\/p>\n<p>espesor: 2mm<\/p>\n<p>[\/et_pb_blurb][\/et_pb_column][et_pb_column type=\u00bb1_6&#8243; _builder_version=\u00bb4.13.0&#8243; _module_preset=\u00bbdefault\u00bb global_colors_info=\u00bb{}\u00bb][et_pb_blurb title=\u00bbFIELTRO SINT\u00c9TICO\u00bb image=\u00bbhttps:\/\/cogliatifeltri.com\/wp-content\/uploads\/2021\/12\/catalogo-adesivi-feltri5.png\u00bb module_class=\u00bbycatalogo green\u00bb _builder_version=\u00bb4.13.0&#8243; _module_preset=\u00bbdefault\u00bb global_colors_info=\u00bb{}\u00bb]<\/p>\n<p>Varios colores<\/p>\n<p>espesor: 1 mm<\/p>\n<p>[\/et_pb_blurb][\/et_pb_column][et_pb_column type=\u00bb1_6&#8243; _builder_version=\u00bb4.13.0&#8243; _module_preset=\u00bbdefault\u00bb global_colors_info=\u00bb{}\u00bb][et_pb_blurb title=\u00bbLana\u00bb image=\u00bbhttps:\/\/cogliatifeltri.com\/wp-content\/uploads\/2021\/12\/catalogo-adesivi-feltri6.png\u00bb admin_label=\u00bbBlur\u00bb module_class=\u00bbycatalogo green\u00bb _builder_version=\u00bb4.13.0&#8243; _module_preset=\u00bbdefault\u00bb global_colors_info=\u00bb{}\u00bb]<\/p>\n<p>Blanco, marr\u00f3n, negro<\/p>\n<p>espesor: 2mm<\/p>\n<p>[\/et_pb_blurb][\/et_pb_column][\/et_pb_row][et_pb_row disabled_on=\u00bbon|on|on\u00bb _builder_version=\u00bb4.13.0&#8243; _module_preset=\u00bbdefault\u00bb disabled=\u00bbon\u00bb global_colors_info=\u00bb{}\u00bb][et_pb_column type=\u00bb4_4&#8243; _builder_version=\u00bb4.13.0&#8243; _module_preset=\u00bbdefault\u00bb global_colors_info=\u00bb{}\u00bb][et_pb_button button_url=\u00bb\/wp-content\/uploads\/2021\/12\/feltrini-catalogo.pdf\u00bb url_new_window=\u00bbon\u00bb button_text=\u00bbDESCARGAR EL CAT\u00c1LOGO\u00bb button_alignment=\u00bbcenter\u00bb module_class=\u00bbybtn feltrini\u00bb _builder_version=\u00bb4.13.0&#8243; _module_preset=\u00bbdefault\u00bb global_colors_info=\u00bb{}\u00bb][\/et_pb_button][\/et_pb_column][\/et_pb_row][\/et_pb_section]<\/p>\n","protected":false},"excerpt":{"rendered":"<p>JUNTAS INDUSTRIALESGracias a la experiencia consolidada durante d\u00e9cadas en el sector del procesamiento de fieltro, Cogliati ha desarrollado su producci\u00f3n dedicando un departamento a las juntas industriales de fieltro sint\u00e9tico y de lana, cristal, fieltro recubierto de tefl\u00f3n de varios grosores y juntas de goma. Gracias al saber hacer y a la contaste inversi\u00f3n en [&hellip;]<\/p>\n","protected":false},"author":1,"featured_media":0,"parent":0,"menu_order":0,"comment_status":"closed","ping_status":"closed","template":"","meta":{"_et_pb_use_builder":"on","_et_pb_old_content":"","_et_gb_content_width":"","footnotes":""},"class_list":["post-2564","page","type-page","status-publish","hentry"],"yoast_head":"<!-- This site is optimized with the Yoast SEO plugin v24.8.1 - https:\/\/yoast.com\/wordpress\/plugins\/seo\/ -->\n<title>JUNTAS INDUSTRIALES - Cogliati Feltri<\/title>\n<meta name=\"robots\" content=\"index, follow, max-snippet:-1, max-image-preview:large, max-video-preview:-1\" \/>\n<link rel=\"canonical\" href=\"https:\/\/cogliatifeltri.com\/es\/juntas-industriales\/\" \/>\n<meta property=\"og:locale\" content=\"es_ES\" \/>\n<meta property=\"og:type\" content=\"article\" \/>\n<meta property=\"og:title\" content=\"JUNTAS INDUSTRIALES - Cogliati Feltri\" \/>\n<meta property=\"og:description\" content=\"JUNTAS INDUSTRIALESGracias a la experiencia consolidada durante d\u00e9cadas en el sector del procesamiento de fieltro, Cogliati ha desarrollado su producci\u00f3n dedicando un departamento a las juntas industriales de fieltro sint\u00e9tico y de lana, cristal, fieltro recubierto de tefl\u00f3n de varios grosores y juntas de goma. Gracias al saber hacer y a la contaste inversi\u00f3n en [&hellip;]\" \/>\n<meta property=\"og:url\" content=\"https:\/\/cogliatifeltri.com\/es\/juntas-industriales\/\" \/>\n<meta property=\"og:site_name\" content=\"Cogliati Feltri\" \/>\n<meta property=\"article:modified_time\" content=\"2022-07-07T14:50:44+00:00\" \/>\n<meta name=\"twitter:card\" content=\"summary_large_image\" \/>\n<meta name=\"twitter:label1\" content=\"Tiempo de lectura\" \/>\n\t<meta name=\"twitter:data1\" content=\"5 minutos\" \/>\n<script type=\"application\/ld+json\" class=\"yoast-schema-graph\">{\"@context\":\"https:\/\/schema.org\",\"@graph\":[{\"@type\":\"WebPage\",\"@id\":\"https:\/\/cogliatifeltri.com\/es\/juntas-industriales\/\",\"url\":\"https:\/\/cogliatifeltri.com\/es\/juntas-industriales\/\",\"name\":\"JUNTAS INDUSTRIALES - Cogliati Feltri\",\"isPartOf\":{\"@id\":\"https:\/\/cogliatifeltri.com\/#website\"},\"datePublished\":\"2022-02-24T08:26:42+00:00\",\"dateModified\":\"2022-07-07T14:50:44+00:00\",\"breadcrumb\":{\"@id\":\"https:\/\/cogliatifeltri.com\/es\/juntas-industriales\/#breadcrumb\"},\"inLanguage\":\"es\",\"potentialAction\":[{\"@type\":\"ReadAction\",\"target\":[\"https:\/\/cogliatifeltri.com\/es\/juntas-industriales\/\"]}]},{\"@type\":\"BreadcrumbList\",\"@id\":\"https:\/\/cogliatifeltri.com\/es\/juntas-industriales\/#breadcrumb\",\"itemListElement\":[{\"@type\":\"ListItem\",\"position\":1,\"name\":\"Home\",\"item\":\"https:\/\/cogliatifeltri.com\/es\/\"},{\"@type\":\"ListItem\",\"position\":2,\"name\":\"JUNTAS INDUSTRIALES\"}]},{\"@type\":\"WebSite\",\"@id\":\"https:\/\/cogliatifeltri.com\/#website\",\"url\":\"https:\/\/cogliatifeltri.com\/\",\"name\":\"Cogliati Feltri\",\"description\":\"Lavorazione Feltro e Prodotti Similari\",\"potentialAction\":[{\"@type\":\"SearchAction\",\"target\":{\"@type\":\"EntryPoint\",\"urlTemplate\":\"https:\/\/cogliatifeltri.com\/?s={search_term_string}\"},\"query-input\":{\"@type\":\"PropertyValueSpecification\",\"valueRequired\":true,\"valueName\":\"search_term_string\"}}],\"inLanguage\":\"es\"}]}<\/script>\n<!-- \/ Yoast SEO plugin. -->","yoast_head_json":{"title":"JUNTAS INDUSTRIALES - Cogliati Feltri","robots":{"index":"index","follow":"follow","max-snippet":"max-snippet:-1","max-image-preview":"max-image-preview:large","max-video-preview":"max-video-preview:-1"},"canonical":"https:\/\/cogliatifeltri.com\/es\/juntas-industriales\/","og_locale":"es_ES","og_type":"article","og_title":"JUNTAS INDUSTRIALES - Cogliati Feltri","og_description":"JUNTAS INDUSTRIALESGracias a la experiencia consolidada durante d\u00e9cadas en el sector del procesamiento de fieltro, Cogliati ha desarrollado su producci\u00f3n dedicando un departamento a las juntas industriales de fieltro sint\u00e9tico y de lana, cristal, fieltro recubierto de tefl\u00f3n de varios grosores y juntas de goma. Gracias al saber hacer y a la contaste inversi\u00f3n en [&hellip;]","og_url":"https:\/\/cogliatifeltri.com\/es\/juntas-industriales\/","og_site_name":"Cogliati Feltri","article_modified_time":"2022-07-07T14:50:44+00:00","twitter_card":"summary_large_image","twitter_misc":{"Tiempo de lectura":"5 minutos"},"schema":{"@context":"https:\/\/schema.org","@graph":[{"@type":"WebPage","@id":"https:\/\/cogliatifeltri.com\/es\/juntas-industriales\/","url":"https:\/\/cogliatifeltri.com\/es\/juntas-industriales\/","name":"JUNTAS INDUSTRIALES - Cogliati Feltri","isPartOf":{"@id":"https:\/\/cogliatifeltri.com\/#website"},"datePublished":"2022-02-24T08:26:42+00:00","dateModified":"2022-07-07T14:50:44+00:00","breadcrumb":{"@id":"https:\/\/cogliatifeltri.com\/es\/juntas-industriales\/#breadcrumb"},"inLanguage":"es","potentialAction":[{"@type":"ReadAction","target":["https:\/\/cogliatifeltri.com\/es\/juntas-industriales\/"]}]},{"@type":"BreadcrumbList","@id":"https:\/\/cogliatifeltri.com\/es\/juntas-industriales\/#breadcrumb","itemListElement":[{"@type":"ListItem","position":1,"name":"Home","item":"https:\/\/cogliatifeltri.com\/es\/"},{"@type":"ListItem","position":2,"name":"JUNTAS INDUSTRIALES"}]},{"@type":"WebSite","@id":"https:\/\/cogliatifeltri.com\/#website","url":"https:\/\/cogliatifeltri.com\/","name":"Cogliati Feltri","description":"Lavorazione Feltro e Prodotti Similari","potentialAction":[{"@type":"SearchAction","target":{"@type":"EntryPoint","urlTemplate":"https:\/\/cogliatifeltri.com\/?s={search_term_string}"},"query-input":{"@type":"PropertyValueSpecification","valueRequired":true,"valueName":"search_term_string"}}],"inLanguage":"es"}]}},"_links":{"self":[{"href":"https:\/\/cogliatifeltri.com\/es\/wp-json\/wp\/v2\/pages\/2564","targetHints":{"allow":["GET"]}}],"collection":[{"href":"https:\/\/cogliatifeltri.com\/es\/wp-json\/wp\/v2\/pages"}],"about":[{"href":"https:\/\/cogliatifeltri.com\/es\/wp-json\/wp\/v2\/types\/page"}],"author":[{"embeddable":true,"href":"https:\/\/cogliatifeltri.com\/es\/wp-json\/wp\/v2\/users\/1"}],"replies":[{"embeddable":true,"href":"https:\/\/cogliatifeltri.com\/es\/wp-json\/wp\/v2\/comments?post=2564"}],"version-history":[{"count":2,"href":"https:\/\/cogliatifeltri.com\/es\/wp-json\/wp\/v2\/pages\/2564\/revisions"}],"predecessor-version":[{"id":2566,"href":"https:\/\/cogliatifeltri.com\/es\/wp-json\/wp\/v2\/pages\/2564\/revisions\/2566"}],"wp:attachment":[{"href":"https:\/\/cogliatifeltri.com\/es\/wp-json\/wp\/v2\/media?parent=2564"}],"curies":[{"name":"wp","href":"https:\/\/api.w.org\/{rel}","templated":true}]}}