{"id":2567,"date":"2022-02-24T09:42:21","date_gmt":"2022-02-24T08:42:21","guid":{"rendered":"https:\/\/cogliatifeltri.com\/blister\/"},"modified":"2022-09-08T11:39:15","modified_gmt":"2022-09-08T09:39:15","slug":"blister","status":"publish","type":"page","link":"https:\/\/cogliatifeltri.com\/es\/blister\/","title":{"rendered":"BLISTER"},"content":{"rendered":"<p>[et_pb_section fb_built=\u00bb1&#8243; admin_label=\u00bbsection\u00bb module_id=\u00bbtop-pages\u00bb module_class=\u00bbpackaging\u00bb _builder_version=\u00bb4.13.0&#8243; background_enable_image=\u00bboff\u00bb global_colors_info=\u00bb{}\u00bb][et_pb_row admin_label=\u00bbrow\u00bb _builder_version=\u00bb4.13.0&#8243; background_size=\u00bbinitial\u00bb background_position=\u00bbtop_left\u00bb background_repeat=\u00bbrepeat\u00bb global_colors_info=\u00bb{}\u00bb][et_pb_column type=\u00bb4_4&#8243; _builder_version=\u00bb3.25&#8243; custom_padding=\u00bb|||\u00bb global_colors_info=\u00bb{}\u00bb custom_padding__hover=\u00bb|||\u00bb][et_pb_text _builder_version=\u00bb4.13.0&#8243; _module_preset=\u00bbdefault\u00bb global_colors_info=\u00bb{}\u00bb]<\/p>\n<h2>BLISTER<\/h2>\n<p>[\/et_pb_text][\/et_pb_column][\/et_pb_row][\/et_pb_section][et_pb_section fb_built=\u00bb1&#8243; module_class=\u00bbsection-services\u00bb _builder_version=\u00bb4.13.0&#8243; _module_preset=\u00bbdefault\u00bb custom_padding=\u00bb||0px||false|false\u00bb global_colors_info=\u00bb{}\u00bb][et_pb_row _builder_version=\u00bb4.13.0&#8243; _module_preset=\u00bbdefault\u00bb custom_padding=\u00bb0px||0px||true|false\u00bb global_colors_info=\u00bb{}\u00bb][et_pb_column type=\u00bb4_4&#8243; _builder_version=\u00bb4.13.0&#8243; _module_preset=\u00bbdefault\u00bb global_colors_info=\u00bb{}\u00bb][et_pb_text _builder_version=\u00bb4.13.0&#8243; _module_preset=\u00bbdefault\u00bb global_colors_info=\u00bb{}\u00bb]Nuestros bl\u00edsteres se suministran con una descripci\u00f3n del producto, n\u00famero de piezas y c\u00f3digo de barras. Podemos realizar varios tama\u00f1os de bl\u00edster gr\u00e1ficos a petici\u00f3n.[\/et_pb_text][\/et_pb_column][\/et_pb_row][\/et_pb_section][et_pb_section fb_built=\u00bb1&#8243; module_class=\u00bbfull-width\u00bb _builder_version=\u00bb4.13.0&#8243; _module_preset=\u00bbdefault\u00bb custom_padding=\u00bb|50px||50px|false|true\u00bb global_colors_info=\u00bb{}\u00bb][et_pb_row column_structure=\u00bb1_6,1_6,1_6,1_6,1_6,1_6&#8243; use_custom_gutter=\u00bbon\u00bb gutter_width=\u00bb1&#8243; make_equal=\u00bbon\u00bb disabled_on=\u00bboff|off|off\u00bb _builder_version=\u00bb4.13.0&#8243; _module_preset=\u00bbdefault\u00bb width=\u00bb100%\u00bb custom_padding=\u00bb||0px||false|false\u00bb global_colors_info=\u00bb{}\u00bb][et_pb_column type=\u00bb1_6&#8243; _builder_version=\u00bb4.13.0&#8243; _module_preset=\u00bbdefault\u00bb global_colors_info=\u00bb{}\u00bb][et_pb_blurb title=\u00bbFIELTRO SINT\u00c9TICO\u00bb image=\u00bbhttps:\/\/cogliatifeltri.com\/wp-content\/uploads\/2022\/02\/1-2.png\u00bb module_class=\u00bbycatalogo azzurro\u00bb _builder_version=\u00bb4.13.0&#8243; _module_preset=\u00bbdefault\u00bb global_colors_info=\u00bb{}\u00bb]<\/p>\n<p>Fieltro sint\u00e9tico espesor 3 mm<br \/>Colores: blanco, marr\u00f3n, gris, negro<br \/>1,2,3 hojas<\/p>\n<p>[\/et_pb_blurb][\/et_pb_column][et_pb_column type=\u00bb1_6&#8243; _builder_version=\u00bb4.13.0&#8243; _module_preset=\u00bbdefault\u00bb global_colors_info=\u00bb{}\u00bb][et_pb_blurb title=\u00bbMAXI FIELTRO SINT\u00c9TICO\u00bb image=\u00bbhttps:\/\/cogliatifeltri.com\/wp-content\/uploads\/2022\/02\/2-feltrini.png\u00bb module_class=\u00bbycatalogo azzurro\u00bb _builder_version=\u00bb4.13.0&#8243; _module_preset=\u00bbdefault\u00bb global_colors_info=\u00bb{}\u00bb]<\/p>\n<p>Fieltro sint\u00e9tico espesor 3 mm<br \/>Colores: blanco, marr\u00f3n, gris, negro<br \/>1,2,3 hojas<\/p>\n<p>[\/et_pb_blurb][\/et_pb_column][et_pb_column type=\u00bb1_6&#8243; _builder_version=\u00bb4.13.0&#8243; _module_preset=\u00bbdefault\u00bb global_colors_info=\u00bb{}\u00bb][et_pb_blurb title=\u00bbFIELTRO DE LANA ESPESOR 3 MM.\u00bb image=\u00bbhttps:\/\/cogliatifeltri.com\/wp-content\/uploads\/2022\/02\/3-feltrini.png\u00bb admin_label=\u00bbFeltrini lana spess. 3&#8243; module_class=\u00bbycatalogo azzurro\u00bb _builder_version=\u00bb4.14.8&#8243; _module_preset=\u00bbdefault\u00bb global_colors_info=\u00bb{}\u00bb]<\/p>\n<p>Fieltro de lana espesor 3 mm.<br \/>Colores: blanco, marr\u00f3n, negro<br \/>1,2,3 hojas<\/p>\n<p>[\/et_pb_blurb][\/et_pb_column][et_pb_column type=\u00bb1_6&#8243; _builder_version=\u00bb4.13.0&#8243; _module_preset=\u00bbdefault\u00bb global_colors_info=\u00bb{}\u00bb][et_pb_blurb title=\u00bbFIELTRO GRIS ESPESOR 5 MM.\u00bb image=\u00bbhttps:\/\/cogliatifeltri.com\/wp-content\/uploads\/2022\/02\/4-feltrini.png\u00bb admin_label=\u00bbFIELTRO GRIS ESPESOR 5 MM.\u00bb module_class=\u00bbycatalogo azzurro\u00bb _builder_version=\u00bb4.14.8&#8243; _module_preset=\u00bbdefault\u00bb global_colors_info=\u00bb{}\u00bb]<\/p>\n<p>Diferentes dimensiones<br \/>1,2 hojas<\/p>\n<p>[\/et_pb_blurb][\/et_pb_column][et_pb_column type=\u00bb1_6&#8243; _builder_version=\u00bb4.13.0&#8243; _module_preset=\u00bbdefault\u00bb global_colors_info=\u00bb{}\u00bb][et_pb_blurb title=\u00bbBLISTER DE L\u00c1GRIMAS\u00bb image=\u00bbhttps:\/\/cogliatifeltri.com\/wp-content\/uploads\/2022\/02\/5-paracolpi.png\u00bb admin_label=\u00bbConf. Paracolpi trasparenti\u00bb module_class=\u00bbycatalogo azzurro\u00bb _builder_version=\u00bb4.14.8&#8243; _module_preset=\u00bbdefault\u00bb global_colors_info=\u00bb{}\u00bb]<\/p>\n<p>L\u00e1grimas trasparentes en eva<br \/>L\u00e1grimas trasparentes en poliuretano<\/p>\n<p>[\/et_pb_blurb][\/et_pb_column][et_pb_column type=\u00bb1_6&#8243; _builder_version=\u00bb4.13.0&#8243; _module_preset=\u00bbdefault\u00bb global_colors_info=\u00bb{}\u00bb][et_pb_blurb title=\u00bbBLISTER DE TAPONES ADHESIVOS\u00bb image=\u00bbhttps:\/\/cogliatifeltri.com\/wp-content\/uploads\/2022\/02\/6-copriforo.png\u00bb admin_label=\u00bbConfezioni Copriforo\u00bb module_class=\u00bbycatalogo azzurro\u00bb _builder_version=\u00bb4.14.8&#8243; _module_preset=\u00bbdefault\u00bb global_colors_info=\u00bb{}\u00bb]<\/p>\n<p>Colores diferentes<\/p>\n<p>[\/et_pb_blurb][\/et_pb_column][\/et_pb_row][et_pb_row column_structure=\u00bb1_6,1_6,1_6,1_6,1_6,1_6&#8243; use_custom_gutter=\u00bbon\u00bb gutter_width=\u00bb1&#8243; make_equal=\u00bbon\u00bb disabled_on=\u00bboff|off|off\u00bb _builder_version=\u00bb4.13.0&#8243; _module_preset=\u00bbdefault\u00bb width=\u00bb100%\u00bb custom_padding=\u00bb||0px||false|false\u00bb global_colors_info=\u00bb{}\u00bb][et_pb_column type=\u00bb1_6&#8243; _builder_version=\u00bb4.13.0&#8243; _module_preset=\u00bbdefault\u00bb global_colors_info=\u00bb{}\u00bb][et_pb_blurb title=\u00bbBLISTER DE EPDM\u00bb image=\u00bbhttps:\/\/cogliatifeltri.com\/wp-content\/uploads\/2022\/02\/7-feltrini.png\u00bb module_class=\u00bbycatalogo azzurro\u00bb _builder_version=\u00bb4.14.8&#8243; _module_preset=\u00bbdefault\u00bb global_colors_info=\u00bb{}\u00bb]<\/p>\n<p>EPDM Antideslizante<br \/>Colores: negro, blanco<br \/>Espesor 3 mm.<\/p>\n<p>[\/et_pb_blurb][\/et_pb_column][et_pb_column type=\u00bb1_6&#8243; _builder_version=\u00bb4.13.0&#8243; _module_preset=\u00bbdefault\u00bb global_colors_info=\u00bb{}\u00bb][et_pb_blurb title=\u00bbBLISTER DE EVA\u00bb image=\u00bbhttps:\/\/cogliatifeltri.com\/wp-content\/uploads\/2022\/02\/8-feltrini.png\u00bb admin_label=\u00bbConfezioni Eva\u00bb module_class=\u00bbycatalogo azzurro\u00bb _builder_version=\u00bb4.14.8&#8243; _module_preset=\u00bbdefault\u00bb global_colors_info=\u00bb{}\u00bb]<\/p>\n<p>Espesor 3 mm.<br \/>Colores: negro, blanco<\/p>\n<p>[\/et_pb_blurb][\/et_pb_column][et_pb_column type=\u00bb1_6&#8243; _builder_version=\u00bb4.13.0&#8243; _module_preset=\u00bbdefault\u00bb global_colors_info=\u00bb{}\u00bb][et_pb_blurb title=\u00bbBlister de Fieltro con tefl\u00f3n\u00bb image=\u00bbhttps:\/\/cogliatifeltri.com\/wp-content\/uploads\/2022\/02\/9-feltrini.png\u00bb module_class=\u00bbycatalogo azzurro\u00bb _builder_version=\u00bb4.14.8&#8243; _module_preset=\u00bbdefault\u00bb hover_enabled=\u00bb0&#8243; global_colors_info=\u00bb{}\u00bb sticky_enabled=\u00bb0&#8243;]<\/p>\n<p>Fieltro con tefl\u00f3n<br \/>Diferentes dimensiones<\/p>\n<p>[\/et_pb_blurb][\/et_pb_column][et_pb_column type=\u00bb1_6&#8243; _builder_version=\u00bb4.13.0&#8243; _module_preset=\u00bbdefault\u00bb global_colors_info=\u00bb{}\u00bb][\/et_pb_column][et_pb_column type=\u00bb1_6&#8243; _builder_version=\u00bb4.13.0&#8243; _module_preset=\u00bbdefault\u00bb global_colors_info=\u00bb{}\u00bb][\/et_pb_column][et_pb_column type=\u00bb1_6&#8243; _builder_version=\u00bb4.13.0&#8243; _module_preset=\u00bbdefault\u00bb global_colors_info=\u00bb{}\u00bb][\/et_pb_column][\/et_pb_row][\/et_pb_section]<\/p>\n","protected":false},"excerpt":{"rendered":"<p>BLISTERNuestros bl\u00edsteres se suministran con una descripci\u00f3n del producto, n\u00famero de piezas y c\u00f3digo de barras. Podemos realizar varios tama\u00f1os de bl\u00edster gr\u00e1ficos a petici\u00f3n.Fieltro sint\u00e9tico espesor 3 mmColores: blanco, marr\u00f3n, gris, negro1,2,3 hojasFieltro sint\u00e9tico espesor 3 mmColores: blanco, marr\u00f3n, gris, negro1,2,3 hojasFieltro de lana espesor 3 mm.Colores: blanco, marr\u00f3n, negro1,2,3 hojasDiferentes dimensiones1,2 hojasL\u00e1grimas trasparentes [&hellip;]<\/p>\n","protected":false},"author":1,"featured_media":0,"parent":0,"menu_order":0,"comment_status":"closed","ping_status":"closed","template":"","meta":{"_et_pb_use_builder":"on","_et_pb_old_content":"","_et_gb_content_width":"","footnotes":""},"class_list":["post-2567","page","type-page","status-publish","hentry"],"yoast_head":"<!-- This site is optimized with the Yoast SEO plugin v24.8.1 - https:\/\/yoast.com\/wordpress\/plugins\/seo\/ -->\n<title>BLISTER - Cogliati Feltri<\/title>\n<meta name=\"robots\" content=\"index, follow, max-snippet:-1, max-image-preview:large, max-video-preview:-1\" \/>\n<link rel=\"canonical\" href=\"https:\/\/cogliatifeltri.com\/es\/blister\/\" \/>\n<meta property=\"og:locale\" content=\"es_ES\" \/>\n<meta property=\"og:type\" content=\"article\" \/>\n<meta property=\"og:title\" content=\"BLISTER - Cogliati Feltri\" \/>\n<meta property=\"og:description\" content=\"BLISTERNuestros bl\u00edsteres se suministran con una descripci\u00f3n del producto, n\u00famero de piezas y c\u00f3digo de barras. Podemos realizar varios tama\u00f1os de bl\u00edster gr\u00e1ficos a petici\u00f3n.Fieltro sint\u00e9tico espesor 3 mmColores: blanco, marr\u00f3n, gris, negro1,2,3 hojasFieltro sint\u00e9tico espesor 3 mmColores: blanco, marr\u00f3n, gris, negro1,2,3 hojasFieltro de lana espesor 3 mm.Colores: blanco, marr\u00f3n, negro1,2,3 hojasDiferentes dimensiones1,2 hojasL\u00e1grimas trasparentes [&hellip;]\" \/>\n<meta property=\"og:url\" content=\"https:\/\/cogliatifeltri.com\/es\/blister\/\" \/>\n<meta property=\"og:site_name\" content=\"Cogliati Feltri\" \/>\n<meta property=\"article:modified_time\" content=\"2022-09-08T09:39:15+00:00\" \/>\n<meta name=\"twitter:card\" content=\"summary_large_image\" \/>\n<meta name=\"twitter:label1\" content=\"Tiempo de lectura\" \/>\n\t<meta name=\"twitter:data1\" content=\"4 minutos\" \/>\n<script type=\"application\/ld+json\" class=\"yoast-schema-graph\">{\"@context\":\"https:\/\/schema.org\",\"@graph\":[{\"@type\":\"WebPage\",\"@id\":\"https:\/\/cogliatifeltri.com\/es\/blister\/\",\"url\":\"https:\/\/cogliatifeltri.com\/es\/blister\/\",\"name\":\"BLISTER - Cogliati Feltri\",\"isPartOf\":{\"@id\":\"https:\/\/cogliatifeltri.com\/#website\"},\"datePublished\":\"2022-02-24T08:42:21+00:00\",\"dateModified\":\"2022-09-08T09:39:15+00:00\",\"breadcrumb\":{\"@id\":\"https:\/\/cogliatifeltri.com\/es\/blister\/#breadcrumb\"},\"inLanguage\":\"es\",\"potentialAction\":[{\"@type\":\"ReadAction\",\"target\":[\"https:\/\/cogliatifeltri.com\/es\/blister\/\"]}]},{\"@type\":\"BreadcrumbList\",\"@id\":\"https:\/\/cogliatifeltri.com\/es\/blister\/#breadcrumb\",\"itemListElement\":[{\"@type\":\"ListItem\",\"position\":1,\"name\":\"Home\",\"item\":\"https:\/\/cogliatifeltri.com\/es\/\"},{\"@type\":\"ListItem\",\"position\":2,\"name\":\"BLISTER\"}]},{\"@type\":\"WebSite\",\"@id\":\"https:\/\/cogliatifeltri.com\/#website\",\"url\":\"https:\/\/cogliatifeltri.com\/\",\"name\":\"Cogliati Feltri\",\"description\":\"Lavorazione Feltro e Prodotti Similari\",\"potentialAction\":[{\"@type\":\"SearchAction\",\"target\":{\"@type\":\"EntryPoint\",\"urlTemplate\":\"https:\/\/cogliatifeltri.com\/?s={search_term_string}\"},\"query-input\":{\"@type\":\"PropertyValueSpecification\",\"valueRequired\":true,\"valueName\":\"search_term_string\"}}],\"inLanguage\":\"es\"}]}<\/script>\n<!-- \/ Yoast SEO plugin. -->","yoast_head_json":{"title":"BLISTER - Cogliati Feltri","robots":{"index":"index","follow":"follow","max-snippet":"max-snippet:-1","max-image-preview":"max-image-preview:large","max-video-preview":"max-video-preview:-1"},"canonical":"https:\/\/cogliatifeltri.com\/es\/blister\/","og_locale":"es_ES","og_type":"article","og_title":"BLISTER - Cogliati Feltri","og_description":"BLISTERNuestros bl\u00edsteres se suministran con una descripci\u00f3n del producto, n\u00famero de piezas y c\u00f3digo de barras. Podemos realizar varios tama\u00f1os de bl\u00edster gr\u00e1ficos a petici\u00f3n.Fieltro sint\u00e9tico espesor 3 mmColores: blanco, marr\u00f3n, gris, negro1,2,3 hojasFieltro sint\u00e9tico espesor 3 mmColores: blanco, marr\u00f3n, gris, negro1,2,3 hojasFieltro de lana espesor 3 mm.Colores: blanco, marr\u00f3n, negro1,2,3 hojasDiferentes dimensiones1,2 hojasL\u00e1grimas trasparentes [&hellip;]","og_url":"https:\/\/cogliatifeltri.com\/es\/blister\/","og_site_name":"Cogliati Feltri","article_modified_time":"2022-09-08T09:39:15+00:00","twitter_card":"summary_large_image","twitter_misc":{"Tiempo de lectura":"4 minutos"},"schema":{"@context":"https:\/\/schema.org","@graph":[{"@type":"WebPage","@id":"https:\/\/cogliatifeltri.com\/es\/blister\/","url":"https:\/\/cogliatifeltri.com\/es\/blister\/","name":"BLISTER - Cogliati Feltri","isPartOf":{"@id":"https:\/\/cogliatifeltri.com\/#website"},"datePublished":"2022-02-24T08:42:21+00:00","dateModified":"2022-09-08T09:39:15+00:00","breadcrumb":{"@id":"https:\/\/cogliatifeltri.com\/es\/blister\/#breadcrumb"},"inLanguage":"es","potentialAction":[{"@type":"ReadAction","target":["https:\/\/cogliatifeltri.com\/es\/blister\/"]}]},{"@type":"BreadcrumbList","@id":"https:\/\/cogliatifeltri.com\/es\/blister\/#breadcrumb","itemListElement":[{"@type":"ListItem","position":1,"name":"Home","item":"https:\/\/cogliatifeltri.com\/es\/"},{"@type":"ListItem","position":2,"name":"BLISTER"}]},{"@type":"WebSite","@id":"https:\/\/cogliatifeltri.com\/#website","url":"https:\/\/cogliatifeltri.com\/","name":"Cogliati Feltri","description":"Lavorazione Feltro e Prodotti Similari","potentialAction":[{"@type":"SearchAction","target":{"@type":"EntryPoint","urlTemplate":"https:\/\/cogliatifeltri.com\/?s={search_term_string}"},"query-input":{"@type":"PropertyValueSpecification","valueRequired":true,"valueName":"search_term_string"}}],"inLanguage":"es"}]}},"_links":{"self":[{"href":"https:\/\/cogliatifeltri.com\/es\/wp-json\/wp\/v2\/pages\/2567","targetHints":{"allow":["GET"]}}],"collection":[{"href":"https:\/\/cogliatifeltri.com\/es\/wp-json\/wp\/v2\/pages"}],"about":[{"href":"https:\/\/cogliatifeltri.com\/es\/wp-json\/wp\/v2\/types\/page"}],"author":[{"embeddable":true,"href":"https:\/\/cogliatifeltri.com\/es\/wp-json\/wp\/v2\/users\/1"}],"replies":[{"embeddable":true,"href":"https:\/\/cogliatifeltri.com\/es\/wp-json\/wp\/v2\/comments?post=2567"}],"version-history":[{"count":17,"href":"https:\/\/cogliatifeltri.com\/es\/wp-json\/wp\/v2\/pages\/2567\/revisions"}],"predecessor-version":[{"id":3121,"href":"https:\/\/cogliatifeltri.com\/es\/wp-json\/wp\/v2\/pages\/2567\/revisions\/3121"}],"wp:attachment":[{"href":"https:\/\/cogliatifeltri.com\/es\/wp-json\/wp\/v2\/media?parent=2567"}],"curies":[{"name":"wp","href":"https:\/\/api.w.org\/{rel}","templated":true}]}}